{"id":218,"date":"2024-07-27T01:36:03","date_gmt":"2024-07-27T01:36:03","guid":{"rendered":"https:\/\/donahotel.vn\/?page_id=218"},"modified":"2025-04-05T05:03:17","modified_gmt":"2025-04-05T05:03:17","slug":"trang-chu","status":"publish","type":"page","link":"https:\/\/donahotel.vn\/","title":{"rendered":"Trang ch\u1ee7"},"content":{"rendered":"\n\n  <div class=\"banner has-hover hide-for-medium\" id=\"banner-1006771076\">\n          <div class=\"banner-inner fill\">\n        <div class=\"banner-bg fill\" >\n            <div class=\"bg fill bg-fill \"><\/div>\n                                    \n                    <\/div>\n        <div class=\"banner-layers container\">\n            <div class=\"fill banner-link\"><\/div>            \n\n\n        <\/div>\n      <\/div>\n\n            \n<style scope=\"scope\">\n\n#banner-1006771076 {\n  padding-top: 500px;\n}\n#banner-1006771076 .bg.bg-loaded {\n  background-image: url(https:\/\/donahotel.vn\/wp-content\/uploads\/2024\/07\/snapedit_1722045883866.png);\n}\n<\/style>\n  <\/div>\n\n\n<div class=\"is-divider divider clearfix\" style=\"height:0px;\"><\/div>\n\n<p style=\"font-family: Arial, sans-serif; font-size: 2em; line-height: 1.6em; color: #333; background-color: #f9f9f9; padding: 10px 20px; border-radius: 80px; box-shadow:10px 10px rgba(0, 0, 0, 0.1); max-width: 400px; margin: auto; text-align: center;\"><strong style=\"color: #007BFF;\">C\u00c1C LO\u1ea0I PH\u00d2NG<\/strong><\/p>\n\n  \n    <div id=\"product-grid-614075522\" class=\"row  equalize-box large-columns-3 medium-columns- small-columns-2 row-small has-shadow row-box-shadow-5 row-masonry\" data-packery-options='{\"itemSelector\": \".col\", \"gutter\": 0, \"presentageWidth\" : true}'>\n\n  \t\n\t     \n\t\t\t\t\t\t            \t\n\t            \t<div class=\"col\" >\n\t\t\t\t\t\t<div class=\"col-inner\">\n\t\t\t\t\t\t\n<div class=\"badge-container absolute left top z-1\">\n<\/div>\n\t\t\t\t\t\t<div class=\"product-small box has-hover box-bounce box-text-bottom\">\n\t\t\t\t\t\t\t<div class=\"box-image\" >\n\t\t\t\t\t\t\t\t<div class=\"image-glow\" >\n\t\t\t\t\t\t\t\t\t<a href=\"https:\/\/donahotel.vn\/?product=khach-san-2-sao-co-phuc-vu-an-sang\">\n\t\t\t\t\t\t\t\t\t\t<img loading=\"lazy\" decoding=\"async\" width=\"300\" height=\"300\" src=\"https:\/\/donahotel.vn\/wp-content\/uploads\/2024\/07\/z5816512110495_778c54682626f19add7a40a3b1074d35-300x300.jpg\" class=\"show-on-hover absolute fill hide-for-small back-image\" alt=\"\" srcset=\"https:\/\/donahotel.vn\/wp-content\/uploads\/2024\/07\/z5816512110495_778c54682626f19add7a40a3b1074d35-300x300.jpg 300w, https:\/\/donahotel.vn\/wp-content\/uploads\/2024\/07\/z5816512110495_778c54682626f19add7a40a3b1074d35-280x280.jpg 280w, https:\/\/donahotel.vn\/wp-content\/uploads\/2024\/07\/z5816512110495_778c54682626f19add7a40a3b1074d35-100x100.jpg 100w\" sizes=\"auto, (max-width: 300px) 100vw, 300px\" \/><img loading=\"lazy\" decoding=\"async\" width=\"300\" height=\"300\" src=\"https:\/\/donahotel.vn\/wp-content\/uploads\/2024\/07\/z5816512019411_7f01cb2360fbef69c3f1b76aa3ab3021-300x300.jpg\" class=\"attachment-woocommerce_thumbnail size-woocommerce_thumbnail\" alt=\"\" srcset=\"https:\/\/donahotel.vn\/wp-content\/uploads\/2024\/07\/z5816512019411_7f01cb2360fbef69c3f1b76aa3ab3021-300x300.jpg 300w, https:\/\/donahotel.vn\/wp-content\/uploads\/2024\/07\/z5816512019411_7f01cb2360fbef69c3f1b76aa3ab3021-280x280.jpg 280w, https:\/\/donahotel.vn\/wp-content\/uploads\/2024\/07\/z5816512019411_7f01cb2360fbef69c3f1b76aa3ab3021-100x100.jpg 100w\" sizes=\"auto, (max-width: 300px) 100vw, 300px\" \/>\t\t\t\t\t\t\t\t\t<\/a>\n\t\t\t\t\t\t\t\t\t\t\t\t\t\t\t\t\t\t \t\t\t\t\t\t\t\t<\/div>\n\t\t\t\t\t\t\t\t<div class=\"image-tools top right show-on-hover\">\n\t\t\t\t\t\t\t\t\t\t\t\t\t\t\t\t\t<\/div>\n\t\t\t\t\t\t\t\t\t\t\t\t\t\t\t\t\t<div class=\"image-tools grid-tools text-center hide-for-small bottom hover-slide-in show-on-hover\">\n\t\t\t\t\t\t\t\t\t\t  <a class=\"quick-view\" data-prod=\"289\" href=\"#quick-view\">Xem nhanh<\/a>\t\t\t\t\t\t\t\t\t<\/div>\n\t\t\t\t\t\t\t\t\t\t\t\t\t\t\t\t\t\t\t\t\t\t\t<\/div>\n\n\t\t\t\t\t\t\t<div class=\"box-text text-center is-xlarge\" >\n\t\t\t\t\t\t\t\t<div class=\"title-wrapper\"><p class=\"name product-title\"><a href=\"https:\/\/donahotel.vn\/?product=khach-san-2-sao-co-phuc-vu-an-sang\">Ph\u00f2ng VIP1<\/a><\/p><\/div><div class=\"price-wrapper\"><\/div>\t\t\t\t\t\t\t<\/div>\n\t\t\t\t\t\t<\/div>\n\t\t\t\t\t\t<\/div>\n\t\t\t\t\t<\/div>\n\t\t\t\t\t\t            \n\t\t\t\t\t\t            \t\n\t            \t<div class=\"col\" >\n\t\t\t\t\t\t<div class=\"col-inner\">\n\t\t\t\t\t\t\n<div class=\"badge-container absolute left top z-1\">\n<\/div>\n\t\t\t\t\t\t<div class=\"product-small box has-hover box-bounce box-text-bottom\">\n\t\t\t\t\t\t\t<div class=\"box-image\" >\n\t\t\t\t\t\t\t\t<div class=\"image-glow\" >\n\t\t\t\t\t\t\t\t\t<a href=\"https:\/\/donahotel.vn\/?product=phong-vip2\">\n\t\t\t\t\t\t\t\t\t\t<img loading=\"lazy\" decoding=\"async\" width=\"300\" height=\"300\" src=\"https:\/\/donahotel.vn\/wp-content\/uploads\/2024\/07\/z5816501340950_ed357e8a6437469f686982492d76fa6e-300x300.jpg\" class=\"show-on-hover absolute fill hide-for-small back-image\" alt=\"\" srcset=\"https:\/\/donahotel.vn\/wp-content\/uploads\/2024\/07\/z5816501340950_ed357e8a6437469f686982492d76fa6e-300x300.jpg 300w, https:\/\/donahotel.vn\/wp-content\/uploads\/2024\/07\/z5816501340950_ed357e8a6437469f686982492d76fa6e-280x280.jpg 280w, https:\/\/donahotel.vn\/wp-content\/uploads\/2024\/07\/z5816501340950_ed357e8a6437469f686982492d76fa6e-100x100.jpg 100w\" sizes=\"auto, (max-width: 300px) 100vw, 300px\" \/><img loading=\"lazy\" decoding=\"async\" width=\"300\" height=\"300\" src=\"https:\/\/donahotel.vn\/wp-content\/uploads\/2024\/07\/z5816501339112_0e0b7d7809233d75ffda997cfeae4da8-300x300.jpg\" class=\"attachment-woocommerce_thumbnail size-woocommerce_thumbnail\" alt=\"\" srcset=\"https:\/\/donahotel.vn\/wp-content\/uploads\/2024\/07\/z5816501339112_0e0b7d7809233d75ffda997cfeae4da8-300x300.jpg 300w, https:\/\/donahotel.vn\/wp-content\/uploads\/2024\/07\/z5816501339112_0e0b7d7809233d75ffda997cfeae4da8-280x280.jpg 280w, https:\/\/donahotel.vn\/wp-content\/uploads\/2024\/07\/z5816501339112_0e0b7d7809233d75ffda997cfeae4da8-100x100.jpg 100w\" sizes=\"auto, (max-width: 300px) 100vw, 300px\" \/>\t\t\t\t\t\t\t\t\t<\/a>\n\t\t\t\t\t\t\t\t\t\t\t\t\t\t\t\t\t\t \t\t\t\t\t\t\t\t<\/div>\n\t\t\t\t\t\t\t\t<div class=\"image-tools top right show-on-hover\">\n\t\t\t\t\t\t\t\t\t\t\t\t\t\t\t\t\t<\/div>\n\t\t\t\t\t\t\t\t\t\t\t\t\t\t\t\t\t<div class=\"image-tools grid-tools text-center hide-for-small bottom hover-slide-in show-on-hover\">\n\t\t\t\t\t\t\t\t\t\t  <a class=\"quick-view\" data-prod=\"283\" href=\"#quick-view\">Xem nhanh<\/a>\t\t\t\t\t\t\t\t\t<\/div>\n\t\t\t\t\t\t\t\t\t\t\t\t\t\t\t\t\t\t\t\t\t\t\t<\/div>\n\n\t\t\t\t\t\t\t<div class=\"box-text text-center is-xlarge\" >\n\t\t\t\t\t\t\t\t<div class=\"title-wrapper\"><p class=\"name product-title\"><a href=\"https:\/\/donahotel.vn\/?product=phong-vip2\">Ph\u00f2ng VIP2<\/a><\/p><\/div><div class=\"price-wrapper\"><\/div>\t\t\t\t\t\t\t<\/div>\n\t\t\t\t\t\t<\/div>\n\t\t\t\t\t\t<\/div>\n\t\t\t\t\t<\/div>\n\t\t\t\t\t\t            \n\t\t\t\t\t\t            \t\n\t            \t<div class=\"col\" >\n\t\t\t\t\t\t<div class=\"col-inner\">\n\t\t\t\t\t\t\n<div class=\"badge-container absolute left top z-1\">\n<\/div>\n\t\t\t\t\t\t<div class=\"product-small box has-hover box-bounce box-text-bottom\">\n\t\t\t\t\t\t\t<div class=\"box-image\" >\n\t\t\t\t\t\t\t\t<div class=\"image-glow\" >\n\t\t\t\t\t\t\t\t\t<a href=\"https:\/\/donahotel.vn\/?product=phong-loai-1a\">\n\t\t\t\t\t\t\t\t\t\t<img loading=\"lazy\" decoding=\"async\" width=\"300\" height=\"300\" src=\"https:\/\/donahotel.vn\/wp-content\/uploads\/2024\/07\/z5816428927470_24c1cde75e91c3d9817e52bd372e0218-300x300.jpg\" class=\"show-on-hover absolute fill hide-for-small back-image\" alt=\"\" srcset=\"https:\/\/donahotel.vn\/wp-content\/uploads\/2024\/07\/z5816428927470_24c1cde75e91c3d9817e52bd372e0218-300x300.jpg 300w, https:\/\/donahotel.vn\/wp-content\/uploads\/2024\/07\/z5816428927470_24c1cde75e91c3d9817e52bd372e0218-280x280.jpg 280w, https:\/\/donahotel.vn\/wp-content\/uploads\/2024\/07\/z5816428927470_24c1cde75e91c3d9817e52bd372e0218-100x100.jpg 100w\" sizes=\"auto, (max-width: 300px) 100vw, 300px\" \/><img loading=\"lazy\" decoding=\"async\" width=\"300\" height=\"300\" src=\"https:\/\/donahotel.vn\/wp-content\/uploads\/2024\/07\/z5816428956506_caeb190fdef43267d438eb87079c17c5-300x300.jpg\" class=\"attachment-woocommerce_thumbnail size-woocommerce_thumbnail\" alt=\"\" srcset=\"https:\/\/donahotel.vn\/wp-content\/uploads\/2024\/07\/z5816428956506_caeb190fdef43267d438eb87079c17c5-300x300.jpg 300w, https:\/\/donahotel.vn\/wp-content\/uploads\/2024\/07\/z5816428956506_caeb190fdef43267d438eb87079c17c5-280x280.jpg 280w, https:\/\/donahotel.vn\/wp-content\/uploads\/2024\/07\/z5816428956506_caeb190fdef43267d438eb87079c17c5-100x100.jpg 100w\" sizes=\"auto, (max-width: 300px) 100vw, 300px\" \/>\t\t\t\t\t\t\t\t\t<\/a>\n\t\t\t\t\t\t\t\t\t\t\t\t\t\t\t\t\t\t \t\t\t\t\t\t\t\t<\/div>\n\t\t\t\t\t\t\t\t<div class=\"image-tools top right show-on-hover\">\n\t\t\t\t\t\t\t\t\t\t\t\t\t\t\t\t\t<\/div>\n\t\t\t\t\t\t\t\t\t\t\t\t\t\t\t\t\t<div class=\"image-tools grid-tools text-center hide-for-small bottom hover-slide-in show-on-hover\">\n\t\t\t\t\t\t\t\t\t\t  <a class=\"quick-view\" data-prod=\"287\" href=\"#quick-view\">Xem nhanh<\/a>\t\t\t\t\t\t\t\t\t<\/div>\n\t\t\t\t\t\t\t\t\t\t\t\t\t\t\t\t\t\t\t\t\t\t\t<\/div>\n\n\t\t\t\t\t\t\t<div class=\"box-text text-center is-xlarge\" >\n\t\t\t\t\t\t\t\t<div class=\"title-wrapper\"><p class=\"name product-title\"><a href=\"https:\/\/donahotel.vn\/?product=phong-loai-1a\">Ph\u00f2ng lo\u1ea1i 1A<\/a><\/p><\/div><div class=\"price-wrapper\"><\/div>\t\t\t\t\t\t\t<\/div>\n\t\t\t\t\t\t<\/div>\n\t\t\t\t\t\t<\/div>\n\t\t\t\t\t<\/div>\n\t\t\t\t\t\t            \n\t\t\t\t\t\t            \t\n\t            \t<div class=\"col\" >\n\t\t\t\t\t\t<div class=\"col-inner\">\n\t\t\t\t\t\t\n<div class=\"badge-container absolute left top z-1\">\n<\/div>\n\t\t\t\t\t\t<div class=\"product-small box has-hover box-bounce box-text-bottom\">\n\t\t\t\t\t\t\t<div class=\"box-image\" >\n\t\t\t\t\t\t\t\t<div class=\"image-glow\" >\n\t\t\t\t\t\t\t\t\t<a href=\"https:\/\/donahotel.vn\/?product=khach-san-co-phu-vu-an-sang\">\n\t\t\t\t\t\t\t\t\t\t<img loading=\"lazy\" decoding=\"async\" width=\"300\" height=\"300\" src=\"https:\/\/donahotel.vn\/wp-content\/uploads\/2024\/07\/z5816492775560_83aef092fd17cde96d1ff3dc5dc87275-300x300.jpg\" class=\"show-on-hover absolute fill hide-for-small back-image\" alt=\"\" srcset=\"https:\/\/donahotel.vn\/wp-content\/uploads\/2024\/07\/z5816492775560_83aef092fd17cde96d1ff3dc5dc87275-300x300.jpg 300w, https:\/\/donahotel.vn\/wp-content\/uploads\/2024\/07\/z5816492775560_83aef092fd17cde96d1ff3dc5dc87275-280x280.jpg 280w, https:\/\/donahotel.vn\/wp-content\/uploads\/2024\/07\/z5816492775560_83aef092fd17cde96d1ff3dc5dc87275-100x100.jpg 100w\" sizes=\"auto, (max-width: 300px) 100vw, 300px\" \/><img loading=\"lazy\" decoding=\"async\" width=\"300\" height=\"300\" src=\"https:\/\/donahotel.vn\/wp-content\/uploads\/2024\/07\/2-300x300.jpg\" class=\"attachment-woocommerce_thumbnail size-woocommerce_thumbnail\" alt=\"\" srcset=\"https:\/\/donahotel.vn\/wp-content\/uploads\/2024\/07\/2-300x300.jpg 300w, https:\/\/donahotel.vn\/wp-content\/uploads\/2024\/07\/2-280x280.jpg 280w, https:\/\/donahotel.vn\/wp-content\/uploads\/2024\/07\/2-100x100.jpg 100w\" sizes=\"auto, (max-width: 300px) 100vw, 300px\" \/>\t\t\t\t\t\t\t\t\t<\/a>\n\t\t\t\t\t\t\t\t\t\t\t\t\t\t\t\t\t\t \t\t\t\t\t\t\t\t<\/div>\n\t\t\t\t\t\t\t\t<div class=\"image-tools top right show-on-hover\">\n\t\t\t\t\t\t\t\t\t\t\t\t\t\t\t\t\t<\/div>\n\t\t\t\t\t\t\t\t\t\t\t\t\t\t\t\t\t<div class=\"image-tools grid-tools text-center hide-for-small bottom hover-slide-in show-on-hover\">\n\t\t\t\t\t\t\t\t\t\t  <a class=\"quick-view\" data-prod=\"290\" href=\"#quick-view\">Xem nhanh<\/a>\t\t\t\t\t\t\t\t\t<\/div>\n\t\t\t\t\t\t\t\t\t\t\t\t\t\t\t\t\t\t\t\t\t\t\t<\/div>\n\n\t\t\t\t\t\t\t<div class=\"box-text text-center is-xlarge\" >\n\t\t\t\t\t\t\t\t<div class=\"title-wrapper\"><p class=\"name product-title\"><a href=\"https:\/\/donahotel.vn\/?product=khach-san-co-phu-vu-an-sang\">Ph\u00f2ng lo\u1ea1i 1B<\/a><\/p><\/div><div class=\"price-wrapper\"><\/div>\t\t\t\t\t\t\t<\/div>\n\t\t\t\t\t\t<\/div>\n\t\t\t\t\t\t<\/div>\n\t\t\t\t\t<\/div>\n\t\t\t\t\t\t            \n\t\t\t\t\t\t            \t\n\t            \t<div class=\"col\" >\n\t\t\t\t\t\t<div class=\"col-inner\">\n\t\t\t\t\t\t\n<div class=\"badge-container absolute left top z-1\">\n<\/div>\n\t\t\t\t\t\t<div class=\"product-small box has-hover box-bounce box-text-bottom\">\n\t\t\t\t\t\t\t<div class=\"box-image\" >\n\t\t\t\t\t\t\t\t<div class=\"image-glow\" >\n\t\t\t\t\t\t\t\t\t<a href=\"https:\/\/donahotel.vn\/?product=phong-vip1-3\">\n\t\t\t\t\t\t\t\t\t\t<img loading=\"lazy\" decoding=\"async\" width=\"300\" height=\"300\" src=\"https:\/\/donahotel.vn\/wp-content\/uploads\/2024\/07\/z5816478887628_ec29b4a840e09fa846534b5239ff847f-300x300.jpg\" class=\"show-on-hover absolute fill hide-for-small back-image\" alt=\"\" srcset=\"https:\/\/donahotel.vn\/wp-content\/uploads\/2024\/07\/z5816478887628_ec29b4a840e09fa846534b5239ff847f-300x300.jpg 300w, https:\/\/donahotel.vn\/wp-content\/uploads\/2024\/07\/z5816478887628_ec29b4a840e09fa846534b5239ff847f-280x280.jpg 280w, https:\/\/donahotel.vn\/wp-content\/uploads\/2024\/07\/z5816478887628_ec29b4a840e09fa846534b5239ff847f-100x100.jpg 100w\" sizes=\"auto, (max-width: 300px) 100vw, 300px\" \/><img loading=\"lazy\" decoding=\"async\" width=\"300\" height=\"300\" src=\"https:\/\/donahotel.vn\/wp-content\/uploads\/2024\/07\/z5816478883384_4663016bb47d34fb5b30d77e265dd9dd-300x300.jpg\" class=\"attachment-woocommerce_thumbnail size-woocommerce_thumbnail\" alt=\"\" srcset=\"https:\/\/donahotel.vn\/wp-content\/uploads\/2024\/07\/z5816478883384_4663016bb47d34fb5b30d77e265dd9dd-300x300.jpg 300w, https:\/\/donahotel.vn\/wp-content\/uploads\/2024\/07\/z5816478883384_4663016bb47d34fb5b30d77e265dd9dd-280x280.jpg 280w, https:\/\/donahotel.vn\/wp-content\/uploads\/2024\/07\/z5816478883384_4663016bb47d34fb5b30d77e265dd9dd-100x100.jpg 100w\" sizes=\"auto, (max-width: 300px) 100vw, 300px\" \/>\t\t\t\t\t\t\t\t\t<\/a>\n\t\t\t\t\t\t\t\t\t\t\t\t\t\t\t\t\t\t \t\t\t\t\t\t\t\t<\/div>\n\t\t\t\t\t\t\t\t<div class=\"image-tools top right show-on-hover\">\n\t\t\t\t\t\t\t\t\t\t\t\t\t\t\t\t\t<\/div>\n\t\t\t\t\t\t\t\t\t\t\t\t\t\t\t\t\t<div class=\"image-tools grid-tools text-center hide-for-small bottom hover-slide-in show-on-hover\">\n\t\t\t\t\t\t\t\t\t\t  <a class=\"quick-view\" data-prod=\"278\" href=\"#quick-view\">Xem nhanh<\/a>\t\t\t\t\t\t\t\t\t<\/div>\n\t\t\t\t\t\t\t\t\t\t\t\t\t\t\t\t\t\t\t\t\t\t\t<\/div>\n\n\t\t\t\t\t\t\t<div class=\"box-text text-center is-xlarge\" >\n\t\t\t\t\t\t\t\t<div class=\"title-wrapper\"><p class=\"name product-title\"><a href=\"https:\/\/donahotel.vn\/?product=phong-vip1-3\">Ph\u00f2ng lo\u1ea1i 2A<\/a><\/p><\/div><div class=\"price-wrapper\"><\/div>\t\t\t\t\t\t\t<\/div>\n\t\t\t\t\t\t<\/div>\n\t\t\t\t\t\t<\/div>\n\t\t\t\t\t<\/div>\n\t\t\t\t\t\t            \n\t\t\t\t\t\t            \t\n\t            \t<div class=\"col\" >\n\t\t\t\t\t\t<div class=\"col-inner\">\n\t\t\t\t\t\t\n<div class=\"badge-container absolute left top z-1\">\n<\/div>\n\t\t\t\t\t\t<div class=\"product-small box has-hover box-bounce box-text-bottom\">\n\t\t\t\t\t\t\t<div class=\"box-image\" >\n\t\t\t\t\t\t\t\t<div class=\"image-glow\" >\n\t\t\t\t\t\t\t\t\t<a href=\"https:\/\/donahotel.vn\/?product=phong-loai-2b\">\n\t\t\t\t\t\t\t\t\t\t<img loading=\"lazy\" decoding=\"async\" width=\"300\" height=\"300\" src=\"https:\/\/donahotel.vn\/wp-content\/uploads\/2024\/07\/anh-61463309-300x300.jpg\" class=\"show-on-hover absolute fill hide-for-small back-image\" alt=\"\" srcset=\"https:\/\/donahotel.vn\/wp-content\/uploads\/2024\/07\/anh-61463309-300x300.jpg 300w, https:\/\/donahotel.vn\/wp-content\/uploads\/2024\/07\/anh-61463309-280x280.jpg 280w, https:\/\/donahotel.vn\/wp-content\/uploads\/2024\/07\/anh-61463309-100x100.jpg 100w\" sizes=\"auto, (max-width: 300px) 100vw, 300px\" \/><img loading=\"lazy\" decoding=\"async\" width=\"300\" height=\"300\" src=\"https:\/\/donahotel.vn\/wp-content\/uploads\/2024\/07\/z5816462344928_3b36230f811ae6db513f0e8360862935-300x300.jpg\" class=\"attachment-woocommerce_thumbnail size-woocommerce_thumbnail\" alt=\"\" srcset=\"https:\/\/donahotel.vn\/wp-content\/uploads\/2024\/07\/z5816462344928_3b36230f811ae6db513f0e8360862935-300x300.jpg 300w, https:\/\/donahotel.vn\/wp-content\/uploads\/2024\/07\/z5816462344928_3b36230f811ae6db513f0e8360862935-280x280.jpg 280w, https:\/\/donahotel.vn\/wp-content\/uploads\/2024\/07\/z5816462344928_3b36230f811ae6db513f0e8360862935-100x100.jpg 100w\" sizes=\"auto, (max-width: 300px) 100vw, 300px\" \/>\t\t\t\t\t\t\t\t\t<\/a>\n\t\t\t\t\t\t\t\t\t\t\t\t\t\t\t\t\t\t \t\t\t\t\t\t\t\t<\/div>\n\t\t\t\t\t\t\t\t<div class=\"image-tools top right show-on-hover\">\n\t\t\t\t\t\t\t\t\t\t\t\t\t\t\t\t\t<\/div>\n\t\t\t\t\t\t\t\t\t\t\t\t\t\t\t\t\t<div class=\"image-tools grid-tools text-center hide-for-small bottom hover-slide-in show-on-hover\">\n\t\t\t\t\t\t\t\t\t\t  <a class=\"quick-view\" data-prod=\"285\" href=\"#quick-view\">Xem nhanh<\/a>\t\t\t\t\t\t\t\t\t<\/div>\n\t\t\t\t\t\t\t\t\t\t\t\t\t\t\t\t\t\t\t\t\t\t\t<\/div>\n\n\t\t\t\t\t\t\t<div class=\"box-text text-center is-xlarge\" >\n\t\t\t\t\t\t\t\t<div class=\"title-wrapper\"><p class=\"name product-title\"><a href=\"https:\/\/donahotel.vn\/?product=phong-loai-2b\">Ph\u00f2ng lo\u1ea1i 2B<\/a><\/p><\/div><div class=\"price-wrapper\"><\/div>\t\t\t\t\t\t\t<\/div>\n\t\t\t\t\t\t<\/div>\n\t\t\t\t\t\t<\/div>\n\t\t\t\t\t<\/div>\n\t\t\t\t\t\t            \t        <\/div>\n\n<p><style>body {font-family: Arial, sans-serif;text-align: center;background-color: #f8f9fa;color: #343a40;padding: 20px;}h1 {font-size: 36px;margin-bottom: 10px;color: #dc3545;}h3 {font-size: 28px;margin: 20px 0;}h5 {font-size: 18px;line-height: 1.6;}.menu {margin: 20px 0;}.menu strong {color: #28a745;}.special-service {margin-top: 30px;font-size: 20px;color: #17a2b8;}.special-service span {text-decoration: underline;}<\/style><\/p>\n<h1>Nh\u00e0 h\u00e0ng Kh\u00e1ch s\u1ea1n<\/h1>\n<h5>Ch\u00e0o m\u1eebng b\u1ea1n \u0111\u1ebfn v\u1edbi nh\u00e0 h\u00e0ng c\u1ee7a ch\u00fang t\u00f4i, n\u01a1i b\u1ea1n s\u1ebd \u0111\u01b0\u1ee3c tr\u1ea3i nghi\u1ec7m \u1ea9m th\u1ef1c tuy\u1ec7t v\u1eddi nh\u1ea5t<\/h5>\n\n  <div class=\"banner has-hover show-for-small\" id=\"banner-999698497\">\n          <div class=\"banner-inner fill\">\n        <div class=\"banner-bg fill\" >\n            <div class=\"bg fill bg-fill \"><\/div>\n                                    \n                    <\/div>\n        <div class=\"banner-layers container\">\n            <div class=\"fill banner-link\"><\/div>            \n\n\n        <\/div>\n      <\/div>\n\n            \n<style scope=\"scope\">\n\n#banner-999698497 {\n  padding-top: 500px;\n}\n#banner-999698497 .bg.bg-loaded {\n  background-image: url(https:\/\/donahotel.vn\/wp-content\/uploads\/2024\/07\/115777007.jpg);\n}\n<\/style>\n  <\/div>\n\n\n","protected":false},"excerpt":{"rendered":"<p>C\u00c1C LO\u1ea0I PH\u00d2NG Nh\u00e0 h\u00e0ng Kh\u00e1ch s\u1ea1n Ch\u00e0o m\u1eebng b\u1ea1n \u0111\u1ebfn v\u1edbi nh\u00e0 h\u00e0ng c\u1ee7a ch\u00fang t\u00f4i, n\u01a1i b\u1ea1n s\u1ebd \u0111\u01b0\u1ee3c tr\u1ea3i nghi\u1ec7m \u1ea9m th\u1ef1c tuy\u1ec7t v\u1eddi nh\u1ea5t<\/p>\n","protected":false},"author":1,"featured_media":0,"parent":0,"menu_order":0,"comment_status":"closed","ping_status":"closed","template":"","meta":{"footnotes":""},"class_list":["post-218","page","type-page","status-publish","hentry"],"yoast_head":"<!-- This site is optimized with the Yoast SEO plugin v24.9 - https:\/\/yoast.com\/wordpress\/plugins\/seo\/ -->\n<title>Trang ch\u1ee7 -<\/title>\n<meta name=\"robots\" content=\"index, follow, max-snippet:-1, max-image-preview:large, max-video-preview:-1\" \/>\n<link rel=\"canonical\" href=\"https:\/\/donahotel.vn\/\" \/>\n<meta property=\"og:locale\" content=\"en_US\" \/>\n<meta property=\"og:type\" content=\"article\" \/>\n<meta property=\"og:title\" content=\"Trang ch\u1ee7 -\" \/>\n<meta property=\"og:description\" content=\"C\u00c1C LO\u1ea0I PH\u00d2NG Nh\u00e0 h\u00e0ng Kh\u00e1ch s\u1ea1n Ch\u00e0o m\u1eebng b\u1ea1n \u0111\u1ebfn v\u1edbi nh\u00e0 h\u00e0ng c\u1ee7a ch\u00fang t\u00f4i, n\u01a1i b\u1ea1n s\u1ebd \u0111\u01b0\u1ee3c tr\u1ea3i nghi\u1ec7m \u1ea9m th\u1ef1c tuy\u1ec7t v\u1eddi nh\u1ea5t\" \/>\n<meta property=\"og:url\" content=\"https:\/\/donahotel.vn\/\" \/>\n<meta property=\"article:modified_time\" content=\"2025-04-05T05:03:17+00:00\" \/>\n<meta name=\"twitter:card\" content=\"summary_large_image\" \/>\n<script type=\"application\/ld+json\" class=\"yoast-schema-graph\">{\"@context\":\"https:\/\/schema.org\",\"@graph\":[{\"@type\":\"WebPage\",\"@id\":\"https:\/\/donahotel.vn\/\",\"url\":\"https:\/\/donahotel.vn\/\",\"name\":\"Trang ch\u1ee7 -\",\"isPartOf\":{\"@id\":\"https:\/\/donahotel.vn\/#website\"},\"datePublished\":\"2024-07-27T01:36:03+00:00\",\"dateModified\":\"2025-04-05T05:03:17+00:00\",\"breadcrumb\":{\"@id\":\"https:\/\/donahotel.vn\/#breadcrumb\"},\"inLanguage\":\"en-US\",\"potentialAction\":[{\"@type\":\"ReadAction\",\"target\":[\"https:\/\/donahotel.vn\/\"]}]},{\"@type\":\"BreadcrumbList\",\"@id\":\"https:\/\/donahotel.vn\/#breadcrumb\",\"itemListElement\":[{\"@type\":\"ListItem\",\"position\":1,\"name\":\"Home\",\"item\":\"https:\/\/donahotel.vn\/\"},{\"@type\":\"ListItem\",\"position\":2,\"name\":\"Trang ch\u1ee7\"}]},{\"@type\":\"WebSite\",\"@id\":\"https:\/\/donahotel.vn\/#website\",\"url\":\"https:\/\/donahotel.vn\/\",\"name\":\"\",\"description\":\"\",\"potentialAction\":[{\"@type\":\"SearchAction\",\"target\":{\"@type\":\"EntryPoint\",\"urlTemplate\":\"https:\/\/donahotel.vn\/?s={search_term_string}\"},\"query-input\":{\"@type\":\"PropertyValueSpecification\",\"valueRequired\":true,\"valueName\":\"search_term_string\"}}],\"inLanguage\":\"en-US\"}]}<\/script>\n<!-- \/ Yoast SEO plugin. -->","yoast_head_json":{"title":"Trang ch\u1ee7 -","robots":{"index":"index","follow":"follow","max-snippet":"max-snippet:-1","max-image-preview":"max-image-preview:large","max-video-preview":"max-video-preview:-1"},"canonical":"https:\/\/donahotel.vn\/","og_locale":"en_US","og_type":"article","og_title":"Trang ch\u1ee7 -","og_description":"C\u00c1C LO\u1ea0I PH\u00d2NG Nh\u00e0 h\u00e0ng Kh\u00e1ch s\u1ea1n Ch\u00e0o m\u1eebng b\u1ea1n \u0111\u1ebfn v\u1edbi nh\u00e0 h\u00e0ng c\u1ee7a ch\u00fang t\u00f4i, n\u01a1i b\u1ea1n s\u1ebd \u0111\u01b0\u1ee3c tr\u1ea3i nghi\u1ec7m \u1ea9m th\u1ef1c tuy\u1ec7t v\u1eddi nh\u1ea5t","og_url":"https:\/\/donahotel.vn\/","article_modified_time":"2025-04-05T05:03:17+00:00","twitter_card":"summary_large_image","schema":{"@context":"https:\/\/schema.org","@graph":[{"@type":"WebPage","@id":"https:\/\/donahotel.vn\/","url":"https:\/\/donahotel.vn\/","name":"Trang ch\u1ee7 -","isPartOf":{"@id":"https:\/\/donahotel.vn\/#website"},"datePublished":"2024-07-27T01:36:03+00:00","dateModified":"2025-04-05T05:03:17+00:00","breadcrumb":{"@id":"https:\/\/donahotel.vn\/#breadcrumb"},"inLanguage":"en-US","potentialAction":[{"@type":"ReadAction","target":["https:\/\/donahotel.vn\/"]}]},{"@type":"BreadcrumbList","@id":"https:\/\/donahotel.vn\/#breadcrumb","itemListElement":[{"@type":"ListItem","position":1,"name":"Home","item":"https:\/\/donahotel.vn\/"},{"@type":"ListItem","position":2,"name":"Trang ch\u1ee7"}]},{"@type":"WebSite","@id":"https:\/\/donahotel.vn\/#website","url":"https:\/\/donahotel.vn\/","name":"","description":"","potentialAction":[{"@type":"SearchAction","target":{"@type":"EntryPoint","urlTemplate":"https:\/\/donahotel.vn\/?s={search_term_string}"},"query-input":{"@type":"PropertyValueSpecification","valueRequired":true,"valueName":"search_term_string"}}],"inLanguage":"en-US"}]}},"_links":{"self":[{"href":"https:\/\/donahotel.vn\/index.php?rest_route=\/wp\/v2\/pages\/218","targetHints":{"allow":["GET"]}}],"collection":[{"href":"https:\/\/donahotel.vn\/index.php?rest_route=\/wp\/v2\/pages"}],"about":[{"href":"https:\/\/donahotel.vn\/index.php?rest_route=\/wp\/v2\/types\/page"}],"author":[{"embeddable":true,"href":"https:\/\/donahotel.vn\/index.php?rest_route=\/wp\/v2\/users\/1"}],"replies":[{"embeddable":true,"href":"https:\/\/donahotel.vn\/index.php?rest_route=%2Fwp%2Fv2%2Fcomments&post=218"}],"version-history":[{"count":12,"href":"https:\/\/donahotel.vn\/index.php?rest_route=\/wp\/v2\/pages\/218\/revisions"}],"predecessor-version":[{"id":472,"href":"https:\/\/donahotel.vn\/index.php?rest_route=\/wp\/v2\/pages\/218\/revisions\/472"}],"wp:attachment":[{"href":"https:\/\/donahotel.vn\/index.php?rest_route=%2Fwp%2Fv2%2Fmedia&parent=218"}],"curies":[{"name":"wp","href":"https:\/\/api.w.org\/{rel}","templated":true}]}}