{"id":283,"date":"2024-07-27T03:46:05","date_gmt":"2024-07-27T03:46:05","guid":{"rendered":"https:\/\/donahotel.vn\/?post_type=product&#038;p=283"},"modified":"2024-09-07T23:10:14","modified_gmt":"2024-09-07T23:10:14","slug":"phong-vip2","status":"publish","type":"product","link":"https:\/\/donahotel.vn\/?product=phong-vip2","title":{"rendered":"Ph\u00f2ng VIP2"},"content":{"rendered":"<h4 style=\"text-align: left;\"><strong><span style=\"font-size: 28px; display: block;\"><span style=\"vertical-align: inherit;\">LO\u1ea0I PH\u00d2NG KH\u00c1CH S\u1ea0N<\/span><\/span><\/strong><span style=\"font-size: 16px; display: block;\"><span style=\"vertical-align: inherit;\">Kh\u00e1m ph\u00e1 c\u00e1c lo\u1ea1i ph\u00f2ng \u0111a d\u1ea1ng c\u1ee7a ch\u00fang t\u00f4i ph\u00f9 h\u1ee3p v\u1edbi nhu c\u1ea7u c\u1ee7a b\u1ea1n<\/span><\/span><br \/>\n<strong><span style=\"font-size: 28px; display: block;\"><span style=\"vertical-align: inherit;\">Ph\u00f2ng VIP2<\/span><\/span><span style=\"vertical-align: inherit;\">Gi\u01b0\u1eddng ng\u1ee7:<\/span><\/strong><span style=\"vertical-align: inherit;\"> Ph\u00f2ng 1 gi\u01b0\u1eddng \u0111\u00f4i<\/span><br \/>\n<strong><span style=\"vertical-align: inherit;\">S\u1ed1 ph\u00f2ng c\u00f2n l\u1ea1i:<\/span><\/strong><span style=\"vertical-align: inherit;\"> Li\u00ean h\u1ec7<\/span><br \/>\n<strong><span style=\"vertical-align: inherit;\">Gi\u00e1:<\/span><\/strong><span style=\"vertical-align: inherit;\"> Li\u00ean h\u1ec7<\/span><\/h4>\n<h4>Ti\u1ec7n nghi ph\u00f2ng:<br \/>\n<span class=\"popup__info-features\"><span class=\"popup__info-features-text\">\ud83d\udebf V\u00f2i sen\u00a0 \u00a0 <img loading=\"lazy\" decoding=\"async\" class=\"alignnone wp-image-318\" src=\"https:\/\/donahotel.vn\/wp-content\/uploads\/2024\/07\/air-conditioner-400x400.png\" alt=\"\" width=\"17\" height=\"17\" srcset=\"https:\/\/donahotel.vn\/wp-content\/uploads\/2024\/07\/air-conditioner-400x400.png 400w, https:\/\/donahotel.vn\/wp-content\/uploads\/2024\/07\/air-conditioner-280x280.png 280w, https:\/\/donahotel.vn\/wp-content\/uploads\/2024\/07\/air-conditioner-300x300.png 300w, https:\/\/donahotel.vn\/wp-content\/uploads\/2024\/07\/air-conditioner-100x100.png 100w, https:\/\/donahotel.vn\/wp-content\/uploads\/2024\/07\/air-conditioner.png 512w\" sizes=\"auto, (max-width: 17px) 100vw, 17px\" \/><\/span><\/span>\u00a0<span class=\"popup__info-features\"><span class=\"popup__info-features-text\">\u0110i\u1ec1u h\u00f2a nhi\u1ec7t \u0111\u1ed9<\/span><\/span><\/h4>\n<p>\u2699 Th\u00f4ng tin chung:<\/p>\n<ul class=\"facilities__list\">\n<li class=\"facilities__item\">D\u00e9p \u0111i trong nh\u00e0<\/li>\n<li class=\"facilities__item\">B\u00e0n l\u00e0m vi\u1ec7c<\/li>\n<li class=\"facilities__item\">T\u1ee7 qu\u1ea7n \u00e1o<\/li>\n<li class=\"facilities__item\">Qu\u1ea1t<\/li>\n<li class=\"facilities__item\">S\u00e0n l\u00e1t g\u1ea1ch\/\u0111\u00e1 c\u1ea9m th\u1ea1ch<\/li>\n<li class=\"facilities__item\">Th\u1ebb ch\u00eca kh\u00f3a \u0111i\u1ec7n t\u1eed<\/li>\n<li class=\"facilities__item\">T\u1ea7ng tr\u00ean ch\u1ec9 c\u00f3 th\u1ec3 truy c\u1eadp b\u1eb1ng c\u1ea7u thang<\/li>\n<li class=\"facilities__item\">Th\u00f9ng r\u00e1c<\/li>\n<\/ul>\n<p><span class=\"facilities__item-title\">\ud83d\udecc C\u00e1c lo\u1ea1i gi\u01b0\u1eddng<\/span><\/p>\n<ul class=\"facilities__list\">\n<li class=\"facilities__item\">G\u1ed1i th\u01b0\u1eddng<\/li>\n<li class=\"facilities__item\">\u0110\u1ed3 tr\u1ea3i gi\u01b0\u1eddng<\/li>\n<\/ul>\n<p><span class=\"facilities__item-title\">\ud83c\udf74 \u0102n u\u1ed1ng<\/span><\/p>\n<ul class=\"facilities__list\">\n<li class=\"facilities__item\">T\u1ee7 l\u1ea1nh<\/li>\n<\/ul>\n<p><span class=\"facilities__item-title\">\ud83d\udcdfThi\u1ebft b\u1ecb<\/span><\/p>\n<ul class=\"facilities__list\">\n<li class=\"facilities__item\">TV<\/li>\n<li class=\"facilities__item\">\u1ed4 c\u1eafm g\u1ea7n gi\u01b0\u1eddng<\/li>\n<\/ul>\n<h4><span class=\"popup__info-features\"><span class=\"popup__info-features-text\">\ud83d\udebf <\/span><\/span><span class=\"facilities__item-title\">Ph\u00f2ng t\u1eafm<\/span><\/h4>\n<ul class=\"facilities__list\">\n<li class=\"facilities__item\">Ph\u00f2ng t\u1eafm<\/li>\n<li class=\"facilities__item\">T\u1eafm b\u1ed3n hay t\u1eafm v\u00f2i sen<\/li>\n<li class=\"facilities__item\">C\u00e1c kh\u0103n t\u1eafm<\/li>\n<li class=\"facilities__item\">\u0110\u1ed3 d\u00f9ng v\u1ec7 sinh c\u00e1 nh\u00e2n mi\u1ec5n ph\u00ed<\/li>\n<li class=\"facilities__item\">Ph\u00f2ng v\u1ec7 sinh<\/li>\n<li class=\"facilities__item\">X\u00e0 ph\u00f2ng c\u01a1 th\u1ec3<\/li>\n<li class=\"facilities__item\">D\u1ea7u x\u1ea3 t\u00f3c<\/li>\n<li class=\"facilities__item\">D\u1ea7u g\u1ed9i \u0111\u1ea7u<\/li>\n<li class=\"facilities__item\">B\u00e0n ch\u1ea3i r\u0103ng<\/li>\n<li class=\"facilities__item\">Gi\u1ea5y v\u1ec7 sinh<\/li>\n<\/ul>\n<h5 style=\"text-align: left;\"><strong><span style=\"font-size: 28px; display: block;\"><span style=\"vertical-align: inherit;\">D\u1ecaCH V\u1ee4 \u0110\u1eb6C BI\u1ec6T<\/span><\/span><\/strong><span style=\"font-size: 16px; display: block;\"><span style=\"vertical-align: inherit;\">Ch\u00fang t\u00f4i cung c\u1ea5p d\u1ecbch v\u1ee5 ph\u00f2ng ti\u1ec7n \u00edch cho c\u00e1c nghi th\u1ee9c hi\u1ec7n \u0111\u1ea1i v\u00e0 d\u1ecbch v\u1ee5 chug, \u0111\u1ea3m b\u1ea3o s\u1ef1 h\u00e0i l\u00f2ng c\u1ee7a b\u1ea1n<\/span><\/span><\/h5>\n","protected":false},"excerpt":{"rendered":"<p><strong><span style=\"font-size: 28px; display: block;\"><span style=\"vertical-align: inherit;\">LO\u1ea0I PH\u00d2NG KH\u00c1CH S\u1ea0N<\/span><\/span><\/strong><span style=\"font-size: 16px; display: block;\"><span style=\"vertical-align: inherit;\">Kh\u00e1m ph\u00e1 c\u00e1c lo\u1ea1i ph\u00f2ng \u0111a d\u1ea1ng c\u1ee7a ch\u00fang t\u00f4i ph\u00f9 h\u1ee3p v\u1edbi nhu c\u1ea7u c\u1ee7a b\u1ea1n<\/span><\/span><strong><span style=\"font-size: 28px; display: block;\"><span style=\"vertical-align: inherit;\">Ph\u00f2ng VIP2<\/span><\/span><span style=\"vertical-align: inherit;\">Gi\u01b0\u1eddng ng\u1ee7:Ph\u00f2ng 1 gi\u01b0\u1eddng \u0111\u00f4i<\/span><\/strong><br \/>\n<strong><span style=\"vertical-align: inherit;\">S\u1ed1 ph\u00f2ng c\u00f2n l\u1ea1i:<\/span><\/strong><span style=\"vertical-align: inherit;\"> Li\u00ean h\u1ec7<\/span><br \/>\n<strong><span style=\"vertical-align: inherit;\">Gi\u00e1:<\/span><\/strong><span style=\"vertical-align: inherit;\"> Li\u00ean h\u1ec7<\/span><\/p>\n<h5><strong><span style=\"font-size: 28px; display: block;\"><span style=\"vertical-align: inherit;\">D\u1ecaCH V\u1ee4 \u0110\u1eb6C BI\u1ec6T<\/span><\/span><\/strong><span style=\"font-size: 16px; display: block;\"><span style=\"vertical-align: inherit;\">Ch\u00fang t\u00f4i cung c\u1ea5p d\u1ecbch v\u1ee5 ph\u00f2ng ti\u1ec7n \u00edch cho c\u00e1c nghi th\u1ee9c hi\u1ec7n \u0111\u1ea1i v\u00e0 d\u1ecbch v\u1ee5 chung, \u0111\u1ea3m b\u1ea3o s\u1ef1 h\u00e0i l\u00f2ng c\u1ee7a b\u1ea1n.<\/span><\/span><\/h5>\n<h6><span style=\"font-size: 16px; display: block;\"><span style=\"vertical-align: inherit;\"><br \/>\n<span data-text-color=\"success\"><a href=\"https:\/\/donahotel.vn\/?product=phong-vip2\"><span style=\"text-decoration: underline;\"><em>&gt;&gt;Xem chi ti\u1ebft<\/em><\/span><\/a><\/span><\/span><\/span><\/h6>\n","protected":false},"featured_media":448,"comment_status":"closed","ping_status":"closed","template":"","meta":[],"product_cat":[28],"product_tag":[],"class_list":{"0":"post-283","1":"product","2":"type-product","3":"status-publish","4":"has-post-thumbnail","6":"product_cat-phong-vip","8":"first","9":"instock","10":"shipping-taxable","11":"product-type-simple"},"yoast_head":"<!-- This site is optimized with the Yoast SEO plugin v24.9 - https:\/\/yoast.com\/wordpress\/plugins\/seo\/ -->\n<title>Ph\u00f2ng VIP2 -<\/title>\n<meta name=\"robots\" content=\"index, follow, max-snippet:-1, max-image-preview:large, max-video-preview:-1\" \/>\n<link rel=\"canonical\" href=\"https:\/\/donahotel.vn\/?product=phong-vip2\" \/>\n<meta property=\"og:locale\" content=\"en_US\" \/>\n<meta property=\"og:type\" content=\"article\" \/>\n<meta property=\"og:title\" content=\"Ph\u00f2ng VIP2 -\" \/>\n<meta property=\"og:description\" content=\"LO\u1ea0I PH\u00d2NG KH\u00c1CH S\u1ea0NKh\u00e1m ph\u00e1 c\u00e1c lo\u1ea1i ph\u00f2ng \u0111a d\u1ea1ng c\u1ee7a ch\u00fang t\u00f4i ph\u00f9 h\u1ee3p v\u1edbi nhu c\u1ea7u c\u1ee7a b\u1ea1nPh\u00f2ng VIP2Gi\u01b0\u1eddng ng\u1ee7:Ph\u00f2ng 1 gi\u01b0\u1eddng \u0111\u00f4i S\u1ed1 ph\u00f2ng c\u00f2n l\u1ea1i: Li\u00ean h\u1ec7 Gi\u00e1: Li\u00ean h\u1ec7 D\u1ecaCH V\u1ee4 \u0110\u1eb6C BI\u1ec6TCh\u00fang t\u00f4i cung c\u1ea5p d\u1ecbch v\u1ee5 ph\u00f2ng ti\u1ec7n \u00edch cho c\u00e1c nghi th\u1ee9c hi\u1ec7n \u0111\u1ea1i v\u00e0 d\u1ecbch v\u1ee5 chung, \u0111\u1ea3m b\u1ea3o s\u1ef1 h\u00e0i l\u00f2ng c\u1ee7a b\u1ea1n.  &gt;&gt;Xem chi ti\u1ebft\" \/>\n<meta property=\"og:url\" content=\"https:\/\/donahotel.vn\/?product=phong-vip2\" \/>\n<meta property=\"article:modified_time\" content=\"2024-09-07T23:10:14+00:00\" \/>\n<meta property=\"og:image\" content=\"https:\/\/donahotel.vn\/wp-content\/uploads\/2024\/07\/z5816501339112_0e0b7d7809233d75ffda997cfeae4da8.jpg\" \/>\n\t<meta property=\"og:image:width\" content=\"2560\" \/>\n\t<meta property=\"og:image:height\" content=\"1920\" \/>\n\t<meta property=\"og:image:type\" content=\"image\/jpeg\" \/>\n<meta name=\"twitter:card\" content=\"summary_large_image\" \/>\n<meta name=\"twitter:label1\" content=\"Est. reading time\" \/>\n\t<meta name=\"twitter:data1\" content=\"1 minute\" \/>\n<script type=\"application\/ld+json\" class=\"yoast-schema-graph\">{\"@context\":\"https:\/\/schema.org\",\"@graph\":[{\"@type\":\"WebPage\",\"@id\":\"https:\/\/donahotel.vn\/?product=phong-vip2\",\"url\":\"https:\/\/donahotel.vn\/?product=phong-vip2\",\"name\":\"Ph\u00f2ng VIP2 -\",\"isPartOf\":{\"@id\":\"https:\/\/donahotel.vn\/#website\"},\"primaryImageOfPage\":{\"@id\":\"https:\/\/donahotel.vn\/?product=phong-vip2#primaryimage\"},\"image\":{\"@id\":\"https:\/\/donahotel.vn\/?product=phong-vip2#primaryimage\"},\"thumbnailUrl\":\"https:\/\/donahotel.vn\/wp-content\/uploads\/2024\/07\/z5816501339112_0e0b7d7809233d75ffda997cfeae4da8.jpg\",\"datePublished\":\"2024-07-27T03:46:05+00:00\",\"dateModified\":\"2024-09-07T23:10:14+00:00\",\"breadcrumb\":{\"@id\":\"https:\/\/donahotel.vn\/?product=phong-vip2#breadcrumb\"},\"inLanguage\":\"en-US\",\"potentialAction\":[{\"@type\":\"ReadAction\",\"target\":[\"https:\/\/donahotel.vn\/?product=phong-vip2\"]}]},{\"@type\":\"ImageObject\",\"inLanguage\":\"en-US\",\"@id\":\"https:\/\/donahotel.vn\/?product=phong-vip2#primaryimage\",\"url\":\"https:\/\/donahotel.vn\/wp-content\/uploads\/2024\/07\/z5816501339112_0e0b7d7809233d75ffda997cfeae4da8.jpg\",\"contentUrl\":\"https:\/\/donahotel.vn\/wp-content\/uploads\/2024\/07\/z5816501339112_0e0b7d7809233d75ffda997cfeae4da8.jpg\",\"width\":2560,\"height\":1920},{\"@type\":\"BreadcrumbList\",\"@id\":\"https:\/\/donahotel.vn\/?product=phong-vip2#breadcrumb\",\"itemListElement\":[{\"@type\":\"ListItem\",\"position\":1,\"name\":\"Home\",\"item\":\"https:\/\/donahotel.vn\/\"},{\"@type\":\"ListItem\",\"position\":2,\"name\":\"Shop\",\"item\":\"https:\/\/donahotel.vn\/?page_id=60\"},{\"@type\":\"ListItem\",\"position\":3,\"name\":\"Ph\u00f2ng VIP2\"}]},{\"@type\":\"WebSite\",\"@id\":\"https:\/\/donahotel.vn\/#website\",\"url\":\"https:\/\/donahotel.vn\/\",\"name\":\"\",\"description\":\"\",\"potentialAction\":[{\"@type\":\"SearchAction\",\"target\":{\"@type\":\"EntryPoint\",\"urlTemplate\":\"https:\/\/donahotel.vn\/?s={search_term_string}\"},\"query-input\":{\"@type\":\"PropertyValueSpecification\",\"valueRequired\":true,\"valueName\":\"search_term_string\"}}],\"inLanguage\":\"en-US\"}]}<\/script>\n<!-- \/ Yoast SEO plugin. -->","yoast_head_json":{"title":"Ph\u00f2ng VIP2 -","robots":{"index":"index","follow":"follow","max-snippet":"max-snippet:-1","max-image-preview":"max-image-preview:large","max-video-preview":"max-video-preview:-1"},"canonical":"https:\/\/donahotel.vn\/?product=phong-vip2","og_locale":"en_US","og_type":"article","og_title":"Ph\u00f2ng VIP2 -","og_description":"LO\u1ea0I PH\u00d2NG KH\u00c1CH S\u1ea0NKh\u00e1m ph\u00e1 c\u00e1c lo\u1ea1i ph\u00f2ng \u0111a d\u1ea1ng c\u1ee7a ch\u00fang t\u00f4i ph\u00f9 h\u1ee3p v\u1edbi nhu c\u1ea7u c\u1ee7a b\u1ea1nPh\u00f2ng VIP2Gi\u01b0\u1eddng ng\u1ee7:Ph\u00f2ng 1 gi\u01b0\u1eddng \u0111\u00f4i S\u1ed1 ph\u00f2ng c\u00f2n l\u1ea1i: Li\u00ean h\u1ec7 Gi\u00e1: Li\u00ean h\u1ec7 D\u1ecaCH V\u1ee4 \u0110\u1eb6C BI\u1ec6TCh\u00fang t\u00f4i cung c\u1ea5p d\u1ecbch v\u1ee5 ph\u00f2ng ti\u1ec7n \u00edch cho c\u00e1c nghi th\u1ee9c hi\u1ec7n \u0111\u1ea1i v\u00e0 d\u1ecbch v\u1ee5 chung, \u0111\u1ea3m b\u1ea3o s\u1ef1 h\u00e0i l\u00f2ng c\u1ee7a b\u1ea1n.  &gt;&gt;Xem chi ti\u1ebft","og_url":"https:\/\/donahotel.vn\/?product=phong-vip2","article_modified_time":"2024-09-07T23:10:14+00:00","og_image":[{"width":2560,"height":1920,"url":"https:\/\/donahotel.vn\/wp-content\/uploads\/2024\/07\/z5816501339112_0e0b7d7809233d75ffda997cfeae4da8.jpg","type":"image\/jpeg"}],"twitter_card":"summary_large_image","twitter_misc":{"Est. reading time":"1 minute"},"schema":{"@context":"https:\/\/schema.org","@graph":[{"@type":"WebPage","@id":"https:\/\/donahotel.vn\/?product=phong-vip2","url":"https:\/\/donahotel.vn\/?product=phong-vip2","name":"Ph\u00f2ng VIP2 -","isPartOf":{"@id":"https:\/\/donahotel.vn\/#website"},"primaryImageOfPage":{"@id":"https:\/\/donahotel.vn\/?product=phong-vip2#primaryimage"},"image":{"@id":"https:\/\/donahotel.vn\/?product=phong-vip2#primaryimage"},"thumbnailUrl":"https:\/\/donahotel.vn\/wp-content\/uploads\/2024\/07\/z5816501339112_0e0b7d7809233d75ffda997cfeae4da8.jpg","datePublished":"2024-07-27T03:46:05+00:00","dateModified":"2024-09-07T23:10:14+00:00","breadcrumb":{"@id":"https:\/\/donahotel.vn\/?product=phong-vip2#breadcrumb"},"inLanguage":"en-US","potentialAction":[{"@type":"ReadAction","target":["https:\/\/donahotel.vn\/?product=phong-vip2"]}]},{"@type":"ImageObject","inLanguage":"en-US","@id":"https:\/\/donahotel.vn\/?product=phong-vip2#primaryimage","url":"https:\/\/donahotel.vn\/wp-content\/uploads\/2024\/07\/z5816501339112_0e0b7d7809233d75ffda997cfeae4da8.jpg","contentUrl":"https:\/\/donahotel.vn\/wp-content\/uploads\/2024\/07\/z5816501339112_0e0b7d7809233d75ffda997cfeae4da8.jpg","width":2560,"height":1920},{"@type":"BreadcrumbList","@id":"https:\/\/donahotel.vn\/?product=phong-vip2#breadcrumb","itemListElement":[{"@type":"ListItem","position":1,"name":"Home","item":"https:\/\/donahotel.vn\/"},{"@type":"ListItem","position":2,"name":"Shop","item":"https:\/\/donahotel.vn\/?page_id=60"},{"@type":"ListItem","position":3,"name":"Ph\u00f2ng VIP2"}]},{"@type":"WebSite","@id":"https:\/\/donahotel.vn\/#website","url":"https:\/\/donahotel.vn\/","name":"","description":"","potentialAction":[{"@type":"SearchAction","target":{"@type":"EntryPoint","urlTemplate":"https:\/\/donahotel.vn\/?s={search_term_string}"},"query-input":{"@type":"PropertyValueSpecification","valueRequired":true,"valueName":"search_term_string"}}],"inLanguage":"en-US"}]}},"_links":{"self":[{"href":"https:\/\/donahotel.vn\/index.php?rest_route=\/wp\/v2\/product\/283","targetHints":{"allow":["GET"]}}],"collection":[{"href":"https:\/\/donahotel.vn\/index.php?rest_route=\/wp\/v2\/product"}],"about":[{"href":"https:\/\/donahotel.vn\/index.php?rest_route=\/wp\/v2\/types\/product"}],"replies":[{"embeddable":true,"href":"https:\/\/donahotel.vn\/index.php?rest_route=%2Fwp%2Fv2%2Fcomments&post=283"}],"wp:featuredmedia":[{"embeddable":true,"href":"https:\/\/donahotel.vn\/index.php?rest_route=\/wp\/v2\/media\/448"}],"wp:attachment":[{"href":"https:\/\/donahotel.vn\/index.php?rest_route=%2Fwp%2Fv2%2Fmedia&parent=283"}],"wp:term":[{"taxonomy":"product_cat","embeddable":true,"href":"https:\/\/donahotel.vn\/index.php?rest_route=%2Fwp%2Fv2%2Fproduct_cat&post=283"},{"taxonomy":"product_tag","embeddable":true,"href":"https:\/\/donahotel.vn\/index.php?rest_route=%2Fwp%2Fv2%2Fproduct_tag&post=283"}],"curies":[{"name":"wp","href":"https:\/\/api.w.org\/{rel}","templated":true}]}}